{"id":78,"date":"2017-12-12T11:24:21","date_gmt":"2017-12-12T15:24:21","guid":{"rendered":"http:\/\/ayuntamiento.guineo\/transparencia\/?page_id=78"},"modified":"2019-08-13T13:51:38","modified_gmt":"2019-08-13T17:51:38","slug":"definicion-oaim-oficina-de-acceso-a-la-informacion-municipal","status":"publish","type":"page","link":"https:\/\/ayuntamientojamaoalnorte.gob.do\/transparencia\/definicion-oaim-oficina-de-acceso-a-la-informacion-municipal\/","title":{"rendered":"Definici\u00f3n OAIM (Oficina de Acceso a la Informaci\u00f3n Municipal)"},"content":{"rendered":"<blockquote><p>OAI<\/p><\/blockquote>\n<p>Definici\u00f3n OAI (Oficina de Acceso a la Informaci\u00f3n p\u00fablica)<\/p>\n<p>La Oficina de Acceso a la Informaci\u00f3n (OAI), es un mandato de la Ley General de Libre Acceso a la Informaci\u00f3n P\u00fablica Ley 200-04 y el Decreto No. 130-05 que crea el reglamento de dicha ley, con el objetivo de apoyar a entidades y personas tanto p\u00fablicas como privadas mediante las informaciones solicitadas.<\/p>\n<blockquote><p>Visi\u00f3n<\/p><\/blockquote>\n<p>Convertir la informaci\u00f3n en una herramienta al servicio de la ciudadan\u00eda, en un municipio rico en valores de honestidad y honradez,\u00a0 instaurando una cultura de transparencia y credibilidad institucional.<\/p>\n<blockquote><p>Misi\u00f3n<\/p><\/blockquote>\n<p>Garantizar el libre acceso a la informaci\u00f3n p\u00fablica municipal, apoyando el derecho que tiene la ciudadan\u00eda de recibir informaci\u00f3n de todo tipo de car\u00e1cter p\u00fablico a nivel municipal, entregando las informaciones solicitadas de una manera completa, veraz, adecuada y oportuna; asi como tambi\u00e9n cumplir con el deber de publicar por todos los medios, todos los actos y actividades de la administraci\u00f3n p\u00fablica que realiza el Ayuntamiento de Moca y sus Dependencias, con car\u00e1cter de actualizaci\u00f3n permanente.<\/p>\n<blockquote><p>Definici\u00f3n del(la) RAI<\/p><\/blockquote>\n<p>Es el(la) representante del Acceso a la Informaci\u00f3n, es el responsable de recibir las solicitudes, tramitar, facilitar y entregar las informaciones requeridas y de ser el canal de comunicaci\u00f3n entre la instituci\u00f3n y la ciudadan\u00eda. Tiene adem\u00e1s la tarea de publicar de manera permanente y actualizada, las informaciones en el portal web institucional de transparencia.<\/p>\n<blockquote><p>Proceso de Solicitud de Informaci\u00f3n:<\/p><\/blockquote>\n<ul>\n<li>Todo ciudadano tiene el derecho de solicitar informaci\u00f3n de car\u00e1cter p\u00fablico, visitando personalmente la Oficina de Acceso a la Informaci\u00f3n o visitando el Portal Web Institucional en la secci\u00f3n Transparencia.<\/li>\n<li>La RAI recibe la solicitud, revisa dicho documento con la finalidad de verificar que est\u00e1 debidamente redactada y que cumple con los requisitos legales.<\/li>\n<li>Completa el formulario de solicitud de informaci\u00f3n y registra los datos en un Libro de Registro.<\/li>\n<li>Se entrega de copia de formulario, al solicitante.<\/li>\n<li>La RAI solicita al Departamento que maneje dicha informaci\u00f3n, mediante otro formulario.<\/li>\n<li>La RAI dar\u00e1 seguimiento de la(s) solicitud(es) hasta confirmar que se ha suministrado o hasta la entrega de la informaci\u00f3n.<\/li>\n<\/ul>\n","protected":false},"excerpt":{"rendered":"OAI Definici\u00f3n OAI (Oficina de Acceso a la Informaci\u00f3n p\u00fablica) La Oficina de Acceso a la Informaci\u00f3n (OAI), es un mandato de la Ley General de Libre Acceso a la Informaci\u00f3n P\u00fablica Ley 200-04 y el Decreto No. 130-05 que crea el reglamento de dicha ley, con el objetivo de apoyar a entidades y personas&#8230;","protected":false},"author":3,"featured_media":0,"parent":0,"menu_order":0,"comment_status":"closed","ping_status":"closed","template":"","meta":[],"acf":[],"_links":{"self":[{"href":"https:\/\/ayuntamientojamaoalnorte.gob.do\/transparencia\/wp-json\/wp\/v2\/pages\/78"}],"collection":[{"href":"https:\/\/ayuntamientojamaoalnorte.gob.do\/transparencia\/wp-json\/wp\/v2\/pages"}],"about":[{"href":"https:\/\/ayuntamientojamaoalnorte.gob.do\/transparencia\/wp-json\/wp\/v2\/types\/page"}],"author":[{"embeddable":true,"href":"https:\/\/ayuntamientojamaoalnorte.gob.do\/transparencia\/wp-json\/wp\/v2\/users\/3"}],"replies":[{"embeddable":true,"href":"https:\/\/ayuntamientojamaoalnorte.gob.do\/transparencia\/wp-json\/wp\/v2\/comments?post=78"}],"version-history":[{"count":5,"href":"https:\/\/ayuntamientojamaoalnorte.gob.do\/transparencia\/wp-json\/wp\/v2\/pages\/78\/revisions"}],"predecessor-version":[{"id":1975,"href":"https:\/\/ayuntamientojamaoalnorte.gob.do\/transparencia\/wp-json\/wp\/v2\/pages\/78\/revisions\/1975"}],"wp:attachment":[{"href":"https:\/\/ayuntamientojamaoalnorte.gob.do\/transparencia\/wp-json\/wp\/v2\/media?parent=78"}],"curies":[{"name":"wp","href":"https:\/\/api.w.org\/{rel}","templated":true}]}}