{"id":335,"date":"2018-01-22T15:09:43","date_gmt":"2018-01-22T19:09:43","guid":{"rendered":"http:\/\/ayuntamiento.o\/transparencia\/?page_id=335"},"modified":"2019-08-19T13:49:23","modified_gmt":"2019-08-19T17:49:23","slug":"lista-de-proveedores","status":"publish","type":"page","link":"https:\/\/ayuntamientojamaoalnorte.gob.do\/transparencia\/lista-de-proveedores\/","title":{"rendered":"Lista de proveedores"},"content":{"rendered":"<blockquote><p><em>En cumplimiento con las disposiciones de la Ley 340-06 sobre Compras y Contrataciones, el Ayuntamiento Municipal de Azua utiliza \u00fanica y exclusivamente los proveedores calificados por la Direcci\u00f3n General de Contrataciones P\u00fablicas, a trav\u00e9s del Registro de Proveedores del Estado (RPE).<\/em><\/p><\/blockquote>\n<p><strong>Para consultar los Proveedores Calificados de ofrecer bienes y servicios, favor consultar el siguiente enlace:<\/strong><\/p>\n<p><a href=\"https:\/\/acceso.comprasdominicana.gov.do\/compras\/proveedores\/consulta\/consulta.jsp\">https:\/\/acceso.comprasdominicana.gov.do\/compras\/proveedores\/consulta\/consulta.jsp<\/a><\/p>\n","protected":false},"excerpt":{"rendered":"En cumplimiento con las disposiciones de la Ley 340-06 sobre Compras y Contrataciones, el Ayuntamiento Municipal de Azua utiliza \u00fanica y exclusivamente los proveedores calificados por la Direcci\u00f3n General de Contrataciones P\u00fablicas, a trav\u00e9s del Registro de Proveedores del Estado (RPE). Para consultar los Proveedores Calificados de ofrecer bienes y servicios, favor consultar el siguiente&#8230;","protected":false},"author":3,"featured_media":0,"parent":0,"menu_order":0,"comment_status":"closed","ping_status":"closed","template":"","meta":[],"acf":[],"_links":{"self":[{"href":"https:\/\/ayuntamientojamaoalnorte.gob.do\/transparencia\/wp-json\/wp\/v2\/pages\/335"}],"collection":[{"href":"https:\/\/ayuntamientojamaoalnorte.gob.do\/transparencia\/wp-json\/wp\/v2\/pages"}],"about":[{"href":"https:\/\/ayuntamientojamaoalnorte.gob.do\/transparencia\/wp-json\/wp\/v2\/types\/page"}],"author":[{"embeddable":true,"href":"https:\/\/ayuntamientojamaoalnorte.gob.do\/transparencia\/wp-json\/wp\/v2\/users\/3"}],"replies":[{"embeddable":true,"href":"https:\/\/ayuntamientojamaoalnorte.gob.do\/transparencia\/wp-json\/wp\/v2\/comments?post=335"}],"version-history":[{"count":6,"href":"https:\/\/ayuntamientojamaoalnorte.gob.do\/transparencia\/wp-json\/wp\/v2\/pages\/335\/revisions"}],"predecessor-version":[{"id":372,"href":"https:\/\/ayuntamientojamaoalnorte.gob.do\/transparencia\/wp-json\/wp\/v2\/pages\/335\/revisions\/372"}],"wp:attachment":[{"href":"https:\/\/ayuntamientojamaoalnorte.gob.do\/transparencia\/wp-json\/wp\/v2\/media?parent=335"}],"curies":[{"name":"wp","href":"https:\/\/api.w.org\/{rel}","templated":true}]}}