{"id":258,"date":"2018-01-22T10:17:40","date_gmt":"2018-01-22T14:17:40","guid":{"rendered":"http:\/\/ayuntamiento.o\/transparencia\/?page_id=258"},"modified":"2024-06-25T15:46:10","modified_gmt":"2024-06-25T19:46:10","slug":"responsable-de-acceso-a-la-informacion","status":"publish","type":"page","link":"https:\/\/ayuntamientojamaoalnorte.gob.do\/transparencia\/responsable-de-acceso-a-la-informacion\/","title":{"rendered":"Responsable de Acceso a la Informaci\u00f3n"},"content":{"rendered":"<blockquote><p><strong>Responsable de Acceso a la Informaci\u00f3n<\/strong><\/p><\/blockquote>\n<p>Sra. Ana Yidennys Ovalles P\u00e9rez<br \/>\nDirecci\u00f3n:\u00a0C\/Duarte No.100, Jamao al Norte, Rep\u00fablica Dominicana<br \/>\nTel\u00e9fono: (809) 970-8180 ext. 102 cel. 809-516-5627<\/p>\n<div class=\"datos-de-contactos\">\n<p>\u00a0E-mail: oiamayuntamientojamao@gmail.com<\/p>\n<p><span style=\"color: initial;font-size: revert\">E-mail: ayuntamientojamao@gmail.com<\/span><\/p>\n<\/div>\n","protected":false},"excerpt":{"rendered":"Responsable de Acceso a la Informaci\u00f3n Sra. Ana Yidennys Ovalles P\u00e9rez Direcci\u00f3n:\u00a0C\/Duarte No.100, Jamao al Norte, Rep\u00fablica Dominicana Tel\u00e9fono: (809) 970-8180 ext. 102 cel. 809-516-5627 \u00a0E-mail: oiamayuntamientojamao@gmail.com E-mail: ayuntamientojamao@gmail.com","protected":false},"author":3,"featured_media":0,"parent":0,"menu_order":0,"comment_status":"closed","ping_status":"closed","template":"","meta":[],"acf":[],"_links":{"self":[{"href":"https:\/\/ayuntamientojamaoalnorte.gob.do\/transparencia\/wp-json\/wp\/v2\/pages\/258"}],"collection":[{"href":"https:\/\/ayuntamientojamaoalnorte.gob.do\/transparencia\/wp-json\/wp\/v2\/pages"}],"about":[{"href":"https:\/\/ayuntamientojamaoalnorte.gob.do\/transparencia\/wp-json\/wp\/v2\/types\/page"}],"author":[{"embeddable":true,"href":"https:\/\/ayuntamientojamaoalnorte.gob.do\/transparencia\/wp-json\/wp\/v2\/users\/3"}],"replies":[{"embeddable":true,"href":"https:\/\/ayuntamientojamaoalnorte.gob.do\/transparencia\/wp-json\/wp\/v2\/comments?post=258"}],"version-history":[{"count":6,"href":"https:\/\/ayuntamientojamaoalnorte.gob.do\/transparencia\/wp-json\/wp\/v2\/pages\/258\/revisions"}],"predecessor-version":[{"id":2083,"href":"https:\/\/ayuntamientojamaoalnorte.gob.do\/transparencia\/wp-json\/wp\/v2\/pages\/258\/revisions\/2083"}],"wp:attachment":[{"href":"https:\/\/ayuntamientojamaoalnorte.gob.do\/transparencia\/wp-json\/wp\/v2\/media?parent=258"}],"curies":[{"name":"wp","href":"https:\/\/api.w.org\/{rel}","templated":true}]}}